{"id":7,"date":"2019-10-18T04:39:50","date_gmt":"2019-10-18T04:39:50","guid":{"rendered":"http:\/\/siprev.cl\/?page_id=7"},"modified":"2021-09-10T12:52:29","modified_gmt":"2021-09-10T12:52:29","slug":"home","status":"publish","type":"page","link":"https:\/\/siprev.cl\/index.php\/home\/","title":{"rendered":"NUESTRA HISTORIA"},"content":{"rendered":"<div data-colibri-id=\"7-c1\" class=\"style-533 style-local-7-c1 position-relative\">\n  <!---->\n  <div data-colibri-component=\"section\" data-colibri-id=\"7-c2\" id=\"initial-content\" class=\"h-section h-section-global-spacing d-flex align-items-lg-center align-items-md-center align-items-center style-534 style-local-7-c2 position-relative\">\n    <!---->\n    <!---->\n    <div class=\"h-section-grid-container h-section-boxed-container\">\n      <!---->\n      <div data-colibri-id=\"7-c3\" class=\"h-row-container gutters-row-lg-2 gutters-row-md-2 gutters-row-0 gutters-row-v-lg-2 gutters-row-v-md-2 gutters-row-v-2 style-535 style-local-7-c3 position-relative\">\n        <!---->\n        <div class=\"h-row justify-content-lg-center justify-content-md-center justify-content-center align-items-lg-stretch align-items-md-stretch align-items-stretch gutters-col-lg-2 gutters-col-md-2 gutters-col-0 gutters-col-v-lg-2 gutters-col-v-md-2 gutters-col-v-2\">\n          <!---->\n          <div class=\"h-column h-column-container d-flex h-col-lg-auto h-col-md-auto h-col-auto style-536-outer style-local-7-c4-outer\">\n            <div data-colibri-id=\"7-c4\" class=\"d-flex h-flex-basis h-column__inner h-px-lg-2 h-px-md-2 h-px-2 v-inner-lg-2 v-inner-md-2 v-inner-2 style-536 style-local-7-c4 position-relative\">\n              <!---->\n              <!---->\n              <div class=\"w-100 h-y-container h-column__content h-column__v-align flex-basis-100 align-self-lg-start align-self-md-start align-self-start\">\n                <!---->\n                <div data-colibri-id=\"7-c5\" class=\"style-537 style-local-7-c5 position-relative h-element\">\n                  <!---->\n                  <div>\n                    \n                    <p><strong>SIPREV<\/strong> Consultora e Ingenier\u00eda fue creada en el a\u00f1o 2015 por profesionales de amplia experiencia en el \u00e1rea de Seguridad Laboral y Medio Ambiente con el objetivo de ofrecer un servicio integral en el cumplimiento de\n                      normativa legal vigente, generando herramientas para la mejora continua en los procesos productivos de nuestros clientes, enfocados en la satisfacci\u00f3n tanto en el cliente interno como externo. &nbsp;<\/p>\n                    \n\n                    \n                    <p>Nuestros objetivos son:<\/p>\n                    \n\n                    \n                    <p>Eliminar o minimizar los peligros en materia de seguridad y salud ocupacional de los trabajadores y a las otras partes interesadas a los que puedan estar expuestos, relacionados con las a actividades realizadas.<\/p>\n                    \n\n                    \n                    <p>Eliminar o minimizar los aspectos ambientales significativos de la organizaci\u00f3n que pudiesen generarse como consecuencia de las actividades realizados.<\/p>\n                    \n\n                    \n                    <p>Y por \u00faltimo orientar siempre hacia un accionar dando vital importancia a la satisfacci\u00f3n de nuestros clientes.<\/p>\n                    \n\n                    \n                    <p><\/p>\n                    \n\n                    \n                    <p class=\"has-medium-font-size\"><\/p>\n                    \n                  <\/div>\n                <\/div>\n              <\/div>\n            <\/div>\n          <\/div>\n        <\/div>\n      <\/div>\n    <\/div>\n  <\/div>\n<\/div>","protected":false},"excerpt":{"rendered":"<p>SIPREV Consultora e Ingenier\u00eda fue creada en el a\u00f1o 2015 por profesionales de amplia experiencia en el \u00e1rea de Seguridad Laboral y Medio Ambiente con el objetivo de ofrecer un servicio integral en el cumplimiento de normativa legal vigente, generando herramientas para la mejora continua en los procesos productivos de nuestros clientes, enfocados en la [&hellip;]<\/p>\n","protected":false},"author":1,"featured_media":280,"parent":0,"menu_order":0,"comment_status":"closed","ping_status":"closed","template":"page-templates\/full-width-page.php","meta":{"footnotes":""},"class_list":["post-7","page","type-page","status-publish","has-post-thumbnail","hentry"],"_links":{"self":[{"href":"https:\/\/siprev.cl\/index.php\/wp-json\/wp\/v2\/pages\/7","targetHints":{"allow":["GET"]}}],"collection":[{"href":"https:\/\/siprev.cl\/index.php\/wp-json\/wp\/v2\/pages"}],"about":[{"href":"https:\/\/siprev.cl\/index.php\/wp-json\/wp\/v2\/types\/page"}],"author":[{"embeddable":true,"href":"https:\/\/siprev.cl\/index.php\/wp-json\/wp\/v2\/users\/1"}],"replies":[{"embeddable":true,"href":"https:\/\/siprev.cl\/index.php\/wp-json\/wp\/v2\/comments?post=7"}],"version-history":[{"count":20,"href":"https:\/\/siprev.cl\/index.php\/wp-json\/wp\/v2\/pages\/7\/revisions"}],"predecessor-version":[{"id":1352,"href":"https:\/\/siprev.cl\/index.php\/wp-json\/wp\/v2\/pages\/7\/revisions\/1352"}],"wp:featuredmedia":[{"embeddable":true,"href":"https:\/\/siprev.cl\/index.php\/wp-json\/wp\/v2\/media\/280"}],"wp:attachment":[{"href":"https:\/\/siprev.cl\/index.php\/wp-json\/wp\/v2\/media?parent=7"}],"curies":[{"name":"wp","href":"https:\/\/api.w.org\/{rel}","templated":true}]}}