{"id":522,"date":"2021-08-26T00:50:13","date_gmt":"2021-08-26T00:50:13","guid":{"rendered":"https:\/\/siprev.cl\/?page_id=522"},"modified":"2021-08-26T00:53:55","modified_gmt":"2021-08-26T00:53:55","slug":"programa-gestion-preventiva-ocupacional","status":"publish","type":"page","link":"https:\/\/siprev.cl\/index.php\/programa-gestion-preventiva-ocupacional\/","title":{"rendered":"Programa Gesti\u00f3n Preventiva Ocupacional"},"content":{"rendered":"\n<div class=\"wp-block-media-text alignwide has-media-on-the-right is-stacked-on-mobile\"><figure class=\"wp-block-media-text__media\"><img loading=\"lazy\" decoding=\"async\" width=\"1024\" height=\"424\" src=\"https:\/\/siprev.cl\/wp-content\/uploads\/2021\/04\/slider3-1024x424.jpg\" alt=\"\" class=\"wp-image-280 size-full\" srcset=\"https:\/\/siprev.cl\/wp-content\/uploads\/2021\/04\/slider3-1024x424.jpg 1024w, https:\/\/siprev.cl\/wp-content\/uploads\/2021\/04\/slider3-300x124.jpg 300w, https:\/\/siprev.cl\/wp-content\/uploads\/2021\/04\/slider3-768x318.jpg 768w, https:\/\/siprev.cl\/wp-content\/uploads\/2021\/04\/slider3-1536x635.jpg 1536w, https:\/\/siprev.cl\/wp-content\/uploads\/2021\/04\/slider3-2048x847.jpg 2048w\" sizes=\"auto, (max-width: 1024px) 100vw, 1024px\" \/><\/figure><div class=\"wp-block-media-text__content\">\n<ul class=\"wp-block-list\"><li>Pol\u00edtica de seguridad y salud en el trabajo.<\/li><li>Identificaci\u00f3n de peligros y evaluaci\u00f3n de riesgos de cada puesto de trabajo.<\/li><li>Programa de capacitaci\u00f3n basado en los riesgos inherentes a cada puesto de trabajo.<\/li><li>Identificaci\u00f3n de agentes ambientales contaminantes.<\/li><li>Control operacional de la actividad, enfocado en actividades preventivas.<\/li><li>Gesti\u00f3n de elementos de protecci\u00f3n personal.<\/li><\/ul>\n\n\n\n<p><\/p>\n<\/div><\/div>\n","protected":false},"excerpt":{"rendered":"<p>Pol\u00edtica de seguridad y salud en el trabajo. Identificaci\u00f3n de peligros y evaluaci\u00f3n de riesgos de cada puesto de trabajo. Programa de capacitaci\u00f3n basado en los riesgos inherentes a cada puesto de trabajo. Identificaci\u00f3n de agentes ambientales contaminantes. Control operacional de la actividad, enfocado en actividades preventivas. Gesti\u00f3n de elementos de protecci\u00f3n personal.<\/p>\n","protected":false},"author":1,"featured_media":0,"parent":0,"menu_order":0,"comment_status":"closed","ping_status":"closed","template":"","meta":{"footnotes":""},"class_list":["post-522","page","type-page","status-publish","hentry"],"_links":{"self":[{"href":"https:\/\/siprev.cl\/index.php\/wp-json\/wp\/v2\/pages\/522","targetHints":{"allow":["GET"]}}],"collection":[{"href":"https:\/\/siprev.cl\/index.php\/wp-json\/wp\/v2\/pages"}],"about":[{"href":"https:\/\/siprev.cl\/index.php\/wp-json\/wp\/v2\/types\/page"}],"author":[{"embeddable":true,"href":"https:\/\/siprev.cl\/index.php\/wp-json\/wp\/v2\/users\/1"}],"replies":[{"embeddable":true,"href":"https:\/\/siprev.cl\/index.php\/wp-json\/wp\/v2\/comments?post=522"}],"version-history":[{"count":2,"href":"https:\/\/siprev.cl\/index.php\/wp-json\/wp\/v2\/pages\/522\/revisions"}],"predecessor-version":[{"id":542,"href":"https:\/\/siprev.cl\/index.php\/wp-json\/wp\/v2\/pages\/522\/revisions\/542"}],"wp:attachment":[{"href":"https:\/\/siprev.cl\/index.php\/wp-json\/wp\/v2\/media?parent=522"}],"curies":[{"name":"wp","href":"https:\/\/api.w.org\/{rel}","templated":true}]}}