{"id":340,"date":"2021-08-19T20:28:13","date_gmt":"2021-08-19T20:28:13","guid":{"rendered":"https:\/\/siprev.cl\/?page_id=340"},"modified":"2021-10-12T00:10:36","modified_gmt":"2021-10-12T00:10:36","slug":"coaching-seguridad-laboral","status":"publish","type":"page","link":"https:\/\/siprev.cl\/index.php\/coaching-seguridad-laboral\/","title":{"rendered":"Coaching en Prevenci\u00f3n de Riesgos"},"content":{"rendered":"<div data-colibri-id=\"340-c45\" class=\"style-355 style-local-340-c45 position-relative\">\r\n  <!---->\r\n  <div data-colibri-component=\"section\" data-colibri-id=\"340-c46\" id=\"about\" class=\"h-section h-section-global-spacing d-flex align-items-lg-center align-items-md-center align-items-center style-374 style-local-340-c46 position-relative\">\r\n    <!---->\r\n    <!---->\r\n    <div class=\"h-section-grid-container h-section-boxed-container\">\r\n      <div data-colibri-id=\"340-c51\" class=\"h-row-container gutters-row-lg-2 gutters-row-md-2 gutters-row-2 gutters-row-v-lg-2 gutters-row-v-md-2 gutters-row-v-2 style-379 style-local-340-c51 position-relative\">\r\n        <!---->\r\n        <div class=\"h-row justify-content-lg-center justify-content-md-center justify-content-center align-items-lg-stretch align-items-md-stretch align-items-stretch gutters-col-lg-2 gutters-col-md-2 gutters-col-2 gutters-col-v-lg-2 gutters-col-v-md-2 gutters-col-v-2\">\r\n          <!---->\r\n          <div class=\"h-column h-column-container d-flex h-col-lg-auto h-col-md-auto h-col-auto style-380-outer style-local-340-c52-outer\">\r\n            <div data-colibri-id=\"340-c52\" class=\"d-flex h-flex-basis h-column__inner h-px-lg-2 h-px-md-2 h-px-2 v-inner-lg-2 v-inner-md-2 v-inner-2 style-380 style-local-340-c52 position-relative\">\r\n              <!---->\r\n              <!---->\r\n              <div class=\"w-100 h-y-container h-column__content h-column__v-align flex-basis-100 align-self-lg-start align-self-md-start align-self-start\">\r\n                <!---->\r\n                <div data-colibri-id=\"340-c53\" class=\"h-global-transition-all h-heading style-382 style-local-340-c53 position-relative h-element\">\r\n                  <!---->\r\n                  <div class=\"h-heading__outer style-382 style-local-340-c53\">\r\n                    <!---->\r\n                    <!---->\r\n                    <h2 class=\"\">Potencie su cultura <em style=\"color: rgb(3, 169, 244); font-family: &quot;Playfair Display&quot;;\">Preventiva<\/em>&nbsp;con nuestro&nbsp;<em style=\"color: rgb(3, 169, 244); font-family: &quot;Playfair Display&quot;;\">Coaching&nbsp;<\/em>laboral<\/h2>\r\n                  <\/div>\r\n                <\/div>\r\n                <div data-colibri-id=\"340-c54\" class=\"h-lead h-text h-text-component style-383 style-local-340-c54 position-relative h-element\">\r\n                  <!---->\r\n                  <!---->\r\n                  <div class=\"\"><\/div>\r\n                <\/div>\r\n                <div data-colibri-id=\"340-c55\" class=\"h-x-container style-384 style-local-340-c55 position-relative h-element\">\r\n                  <!---->\r\n                  <div class=\"h-x-container-inner style-dynamic-340-c55-group style-384-spacing style-local-340-c55-spacing\"><span class=\"h-button__outer style-385-outer style-local-340-c56-outer d-inline-flex h-element\"><a h-use-smooth-scroll=\"true\" href=\"https:\/\/siprev.cl\/index.php\/contact\/\"  data-colibri-id=\"340-c56\" class=\"d-flex w-100 align-items-center h-button justify-content-lg-center justify-content-md-center justify-content-center style-385 style-local-340-c56 position-relative\"><!----><!----> <span>Quiero m\u00e1s informaci\u00f3n<\/span><\/a>\r\n                    <\/span>\r\n                  <\/div>\r\n                <\/div>\r\n              <\/div>\r\n            <\/div>\r\n          <\/div>\r\n        <\/div>\r\n      <\/div>\r\n      <div data-colibri-id=\"340-c47\" class=\"h-row-container gutters-row-lg-0 gutters-row-md-0 gutters-row-0 gutters-row-v-lg-0 gutters-row-v-md-0 gutters-row-v-0 style-375 style-local-340-c47 h-overflow-hidden position-relative\">\r\n        <!---->\r\n        <div class=\"h-row justify-content-lg-center justify-content-md-center justify-content-center align-items-lg-end align-items-md-end align-items-end gutters-col-lg-0 gutters-col-md-0 gutters-col-0 gutters-col-v-lg-0 gutters-col-v-md-0 gutters-col-v-0\">\r\n          <!---->\r\n          <div class=\"h-column h-column-container d-flex h-col-lg-auto h-col-md-auto h-col-auto align-self-lg-end align-self-md-end align-self-end style-376-outer style-local-340-c48-outer\">\r\n            <div data-colibri-id=\"340-c48\" class=\"d-flex h-flex-basis h-column__inner h-ui-empty-state-container h-px-lg-0 h-px-md-0 h-px-0 v-inner-lg-0 v-inner-md-0 v-inner-0 style-376 style-local-340-c48 position-relative\">\r\n              <!---->\r\n              <!---->\r\n              <div class=\"w-100 h-y-container h-column__content h-column__v-align flex-basis-100\">\r\n                <!---->\r\n              <\/div>\r\n            <\/div>\r\n          <\/div>\r\n          <div class=\"h-column h-column-container d-flex h-col-lg-auto h-col-md-auto h-col-auto align-self-lg-end align-self-md-end align-self-end style-377-outer style-local-340-c49-outer\">\r\n            <div data-colibri-id=\"340-c49\" class=\"d-flex h-flex-basis h-column__inner h-ui-empty-state-container h-px-lg-0 h-px-md-0 h-px-0 v-inner-lg-0 v-inner-md-0 v-inner-0 style-377 style-local-340-c49 position-relative\">\r\n              <!---->\r\n              <!---->\r\n              <div class=\"w-100 h-y-container h-column__content h-column__v-align flex-basis-100\">\r\n                <!---->\r\n              <\/div>\r\n            <\/div>\r\n          <\/div>\r\n          <div class=\"h-column h-column-container d-flex h-col-lg-auto h-col-md-auto h-col-auto align-self-lg-end align-self-md-end align-self-end style-378-outer style-local-340-c50-outer\">\r\n            <div data-colibri-id=\"340-c50\" class=\"d-flex h-flex-basis h-column__inner h-ui-empty-state-container h-px-lg-0 h-px-md-0 h-px-0 v-inner-lg-0 v-inner-md-0 v-inner-0 style-378 style-local-340-c50 position-relative\">\r\n              <!---->\r\n              <!---->\r\n              <div class=\"w-100 h-y-container h-column__content h-column__v-align flex-basis-100\">\r\n                <!---->\r\n              <\/div>\r\n            <\/div>\r\n          <\/div>\r\n        <\/div>\r\n      <\/div>\r\n    <\/div>\r\n  <\/div>\r\n  <div data-colibri-component=\"section\" data-colibri-id=\"340-c57\" id=\"features\" class=\"h-section h-section-global-spacing d-flex align-items-lg-center align-items-md-center align-items-center style-470 style-local-340-c57 position-relative\">\r\n    <!---->\r\n    <!---->\r\n    <div class=\"h-section-grid-container h-section-boxed-container\">\r\n      <div data-colibri-id=\"340-c79\" class=\"h-row-container gutters-row-lg-2 gutters-row-md-2 gutters-row-0 gutters-row-v-lg-2 gutters-row-v-md-2 gutters-row-v-2 style-480 style-local-340-c79 position-relative\">\r\n        <!---->\r\n        <div class=\"h-row justify-content-lg-center justify-content-md-center justify-content-center align-items-lg-stretch align-items-md-stretch align-items-stretch gutters-col-lg-2 gutters-col-md-2 gutters-col-0 gutters-col-v-lg-2 gutters-col-v-md-2 gutters-col-v-2\">\r\n          <!---->\r\n          <div class=\"h-column h-column-container d-flex h-col-lg-auto h-col-md-auto h-col-auto style-481-outer style-local-340-c80-outer\">\r\n            <div data-colibri-id=\"340-c80\" class=\"d-flex h-flex-basis h-column__inner h-px-lg-2 h-px-md-2 h-px-2 v-inner-lg-2 v-inner-md-2 v-inner-2 style-481 style-local-340-c80 position-relative\">\r\n              <!---->\r\n              <!---->\r\n              <div class=\"w-100 h-y-container h-column__content h-column__v-align flex-basis-100 align-self-lg-start align-self-md-start align-self-start\">\r\n                <!---->\r\n                <div data-colibri-id=\"340-c81\" class=\"h-global-transition-all h-heading style-482 style-local-340-c81 position-relative h-element\">\r\n                  <!---->\r\n                  <div class=\"h-heading__outer style-482 style-local-340-c81\">\r\n                    <!---->\r\n                    <!---->\r\n                    <h2 class=\"\">Un enfoque diferente para ayudar a su organizaci\u00f3n a alcanzar la excelencia en seguridad y salud ocupacional<\/h2>\r\n                  <\/div>\r\n                <\/div>\r\n                <div data-colibri-id=\"340-c82\" class=\"h-lead h-text h-text-component style-483 style-local-340-c82 position-relative h-element\">\r\n                  <!---->\r\n                  <!---->\r\n                  <div class=\"\"><\/div>\r\n                <\/div>\r\n              <\/div>\r\n            <\/div>\r\n          <\/div>\r\n        <\/div>\r\n      <\/div>\r\n      <div data-colibri-id=\"340-c58\" class=\"h-row-container gutters-row-lg-2 gutters-row-md-2 gutters-row-2 gutters-row-v-lg-2 gutters-row-v-md-2 gutters-row-v-2 style-471 style-local-340-c58 position-relative\">\r\n        <!---->\r\n        <div class=\"h-row justify-content-lg-center justify-content-md-center justify-content-center align-items-lg-stretch align-items-md-stretch align-items-stretch gutters-col-lg-2 gutters-col-md-2 gutters-col-2 gutters-col-v-lg-2 gutters-col-v-md-2 gutters-col-v-2\">\r\n          <!---->\r\n          <div class=\"h-column h-column-container d-flex h-col-lg-4 h-col-md-6 h-col-12 style-472-outer style-local-340-c66-outer\">\r\n            <div data-colibri-id=\"340-c66\" class=\"d-flex h-flex-basis h-column__inner h-px-lg-0 h-px-md-0 h-px-0 v-inner-lg-0 v-inner-md-0 v-inner-0 style-472 style-local-340-c66 position-relative\">\r\n              <!---->\r\n              <!---->\r\n              <div class=\"w-100 h-y-container h-column__content h-column__v-align flex-basis-100 align-self-lg-start align-self-md-start align-self-start\">\r\n                <!---->\r\n                <div data-colibri-id=\"340-c70\" class=\"h-x-container style-478 style-local-340-c70 position-relative h-element\">\r\n                  <!---->\r\n                  <div class=\"h-x-container-inner style-dynamic-340-c70-group style-478-spacing style-local-340-c70-spacing\"><span class=\"h-link__outer style-479-outer style-local-340-c71-outer d-inline-flex h-element\"><a h-use-smooth-scroll=\"true\" href=\"\"  data-colibri-id=\"340-c71\" class=\"d-flex w-100 align-items-center h-link style-479 style-local-340-c71 position-relative\"><!----><!----> <span>read more<\/span>                    <span class=\"h-svg-icon h-link__icon style-479-icon style-local-340-c71-icon\"><!--Icon by Icons8 Line Awesome (https:\/\/icons8.com\/line-awesome)--><svg version=\"1.1\" xmlns=\"http:\/\/www.w3.org\/2000\/svg\" xmlns:xlink=\"http:\/\/www.w3.org\/1999\/xlink\" id=\"angle-double-right\" viewBox=\"0 0 512 545.5\"><path d=\"M145.5 108.5l168 168L325 288l-11.5 11.5-168 168-22.5-23L279.5 288 123 131.5zm112 0l168 168L437 288l-11.5 11.5-168 168-22.5-23L391.5 288 235 131.5z\"><\/path><\/svg><\/span><\/a>\r\n                    <\/span>\r\n                  <\/div>\r\n                <\/div>\r\n              <\/div>\r\n            <\/div>\r\n          <\/div>\r\n          <div class=\"h-column h-column-container d-flex h-col-lg-4 h-col-md-6 h-col-12 style-472-outer style-local-340-c72-outer\">\r\n            <div data-colibri-id=\"340-c72\" class=\"d-flex h-flex-basis h-column__inner h-px-lg-0 h-px-md-0 h-px-0 v-inner-lg-0 v-inner-md-0 v-inner-0 style-472 style-local-340-c72 position-relative\">\r\n              <!---->\r\n              <!---->\r\n              <div class=\"w-100 h-y-container h-column__content h-column__v-align flex-basis-100 align-self-lg-start align-self-md-start align-self-start\">\r\n                <!---->\r\n                <div data-colibri-id=\"340-c77\" class=\"h-x-container style-478 style-local-340-c77 position-relative h-element\">\r\n                  <!---->\r\n                  <div class=\"h-x-container-inner style-dynamic-340-c77-group style-478-spacing style-local-340-c77-spacing\"><span class=\"h-link__outer style-479-outer style-local-340-c78-outer d-inline-flex h-element\"><a h-use-smooth-scroll=\"true\" href=\"\"  data-colibri-id=\"340-c78\" class=\"d-flex w-100 align-items-center h-link style-479 style-local-340-c78 position-relative\"><!----><!----> <span>read more<\/span>                    <span class=\"h-svg-icon h-link__icon style-479-icon style-local-340-c78-icon\"><!--Icon by Icons8 Line Awesome (https:\/\/icons8.com\/line-awesome)--><svg version=\"1.1\" xmlns=\"http:\/\/www.w3.org\/2000\/svg\" xmlns:xlink=\"http:\/\/www.w3.org\/1999\/xlink\" id=\"angle-double-right\" viewBox=\"0 0 512 545.5\"><path d=\"M145.5 108.5l168 168L325 288l-11.5 11.5-168 168-22.5-23L279.5 288 123 131.5zm112 0l168 168L437 288l-11.5 11.5-168 168-22.5-23L391.5 288 235 131.5z\"><\/path><\/svg><\/span><\/a>\r\n                    <\/span>\r\n                  <\/div>\r\n                <\/div>\r\n              <\/div>\r\n            <\/div>\r\n          <\/div>\r\n        <\/div>\r\n      <\/div>\r\n    <\/div>\r\n  <\/div>\r\n<\/div>","protected":false},"excerpt":{"rendered":"<p>Potencie su cultura Preventiva&nbsp;con nuestro&nbsp;Coaching&nbsp;laboral Quiero m\u00e1s informaci\u00f3n Un enfoque diferente para ayudar a su organizaci\u00f3n a alcanzar la excelencia en seguridad y salud ocupacional read more read more<\/p>\n","protected":false},"author":1,"featured_media":0,"parent":0,"menu_order":0,"comment_status":"closed","ping_status":"closed","template":"page-templates\/full-width-page.php","meta":{"footnotes":""},"class_list":["post-340","page","type-page","status-publish","hentry"],"_links":{"self":[{"href":"https:\/\/siprev.cl\/index.php\/wp-json\/wp\/v2\/pages\/340","targetHints":{"allow":["GET"]}}],"collection":[{"href":"https:\/\/siprev.cl\/index.php\/wp-json\/wp\/v2\/pages"}],"about":[{"href":"https:\/\/siprev.cl\/index.php\/wp-json\/wp\/v2\/types\/page"}],"author":[{"embeddable":true,"href":"https:\/\/siprev.cl\/index.php\/wp-json\/wp\/v2\/users\/1"}],"replies":[{"embeddable":true,"href":"https:\/\/siprev.cl\/index.php\/wp-json\/wp\/v2\/comments?post=340"}],"version-history":[{"count":21,"href":"https:\/\/siprev.cl\/index.php\/wp-json\/wp\/v2\/pages\/340\/revisions"}],"predecessor-version":[{"id":578,"href":"https:\/\/siprev.cl\/index.php\/wp-json\/wp\/v2\/pages\/340\/revisions\/578"}],"wp:attachment":[{"href":"https:\/\/siprev.cl\/index.php\/wp-json\/wp\/v2\/media?parent=340"}],"curies":[{"name":"wp","href":"https:\/\/api.w.org\/{rel}","templated":true}]}}